{"id":1022,"date":"2020-01-02T15:13:47","date_gmt":"2020-01-02T14:13:47","guid":{"rendered":"http:\/\/localhost\/biohof-stadlbauer\/?page_id=1022"},"modified":"2020-03-15T16:39:18","modified_gmt":"2020-03-15T15:39:18","slug":"impressum","status":"publish","type":"page","link":"https:\/\/www.biohof-stadlbauer.at\/www\/impressum\/","title":{"rendered":"Impressum"},"content":{"rendered":"\t\t<div data-elementor-type=\"wp-page\" data-elementor-id=\"1022\" class=\"elementor elementor-1022\">\n\t\t\t\t\t\t<section class=\"elementor-section elementor-top-section elementor-element elementor-element-fcc3ae3 elementor-section-boxed elementor-section-height-default elementor-section-height-default\" data-id=\"fcc3ae3\" data-element_type=\"section\" data-e-type=\"section\">\n\t\t\t\t\t\t<div class=\"elementor-container elementor-column-gap-default\">\n\t\t\t\t\t<div class=\"elementor-column elementor-col-100 elementor-top-column elementor-element elementor-element-c76fd8d\" data-id=\"c76fd8d\" data-element_type=\"column\" data-e-type=\"column\">\n\t\t\t<div class=\"elementor-widget-wrap elementor-element-populated\">\n\t\t\t\t\t\t<div class=\"elementor-element elementor-element-7709fae elementor-widget elementor-widget-image\" data-id=\"7709fae\" data-element_type=\"widget\" data-e-type=\"widget\" data-widget_type=\"image.default\">\n\t\t\t\t<div class=\"elementor-widget-container\">\n\t\t\t\t\t\t\t\t\t\t\t\t\t\t\t<img fetchpriority=\"high\" decoding=\"async\" width=\"842\" height=\"595\" src=\"https:\/\/www.biohof-stadlbauer.at\/www\/wp-content\/uploads\/2020\/01\/Logo_Biohof-Stadlbauer3-1.png\" class=\"attachment-full size-full wp-image-1041\" alt=\"\" srcset=\"https:\/\/www.biohof-stadlbauer.at\/www\/wp-content\/uploads\/2020\/01\/Logo_Biohof-Stadlbauer3-1.png 842w, https:\/\/www.biohof-stadlbauer.at\/www\/wp-content\/uploads\/2020\/01\/Logo_Biohof-Stadlbauer3-1-300x212.png 300w, https:\/\/www.biohof-stadlbauer.at\/www\/wp-content\/uploads\/2020\/01\/Logo_Biohof-Stadlbauer3-1-768x543.png 768w\" sizes=\"(max-width: 842px) 100vw, 842px\" \/>\t\t\t\t\t\t\t\t\t\t\t\t\t\t\t<\/div>\n\t\t\t\t<\/div>\n\t\t\t\t<div class=\"elementor-element elementor-element-83a375b elementor-widget elementor-widget-spacer\" data-id=\"83a375b\" data-element_type=\"widget\" data-e-type=\"widget\" data-widget_type=\"spacer.default\">\n\t\t\t\t<div class=\"elementor-widget-container\">\n\t\t\t\t\t\t\t<div class=\"elementor-spacer\">\n\t\t\t<div class=\"elementor-spacer-inner\"><\/div>\n\t\t<\/div>\n\t\t\t\t\t\t<\/div>\n\t\t\t\t<\/div>\n\t\t\t\t\t<\/div>\n\t\t<\/div>\n\t\t\t\t\t<\/div>\n\t\t<\/section>\n\t\t\t\t<section class=\"elementor-section elementor-top-section elementor-element elementor-element-da1d9dc elementor-section-boxed elementor-section-height-default elementor-section-height-default\" data-id=\"da1d9dc\" data-element_type=\"section\" data-e-type=\"section\">\n\t\t\t\t\t\t<div class=\"elementor-container elementor-column-gap-default\">\n\t\t\t\t\t<div class=\"elementor-column elementor-col-50 elementor-top-column elementor-element elementor-element-9ac55d2\" data-id=\"9ac55d2\" data-element_type=\"column\" data-e-type=\"column\">\n\t\t\t<div class=\"elementor-widget-wrap elementor-element-populated\">\n\t\t\t\t\t\t<div class=\"elementor-element elementor-element-ed74569 elementor-widget elementor-widget-text-editor\" data-id=\"ed74569\" data-element_type=\"widget\" data-e-type=\"widget\" data-widget_type=\"text-editor.default\">\n\t\t\t\t<div class=\"elementor-widget-container\">\n\t\t\t\t\t\t\t\t\t<h3>Biohof Stadlbauer:<\/h3>\n<h6>Stefan Stadlbauer\n<br>\nM\u00e4rzing 7\n<br>\n4150 Rohrbach-Berg<\/h6>\n<strong>Kontakt:<\/strong>\n<br>\n<strong>Tel.:<\/strong> +43 (0) 7289\/21021\n<br>\n<strong>E-Mail:<\/strong> <a href=\"mailto:admin@biohof-stadlbauer.at\" target=\"_blank\" rel=\"noopener\">admin@biohof-stadlbauer.at<\/a>\n<br>\n<br>\n<strong>Weiterf\u00fchrende Links:<\/strong>\n<br>\n<a href=\"https:\/\/www.biohof-stadlbauer.at\/www\/#contact\" target=\"_blank\" rel=\"noopener\">Kontaktformular<\/a>\n<br>\n<a href=\"https:\/\/www.wordpress.org\" rel=\"noopener\">WordPress<\/a>\t\t\t\t\t\t\t\t<\/div>\n\t\t\t\t<\/div>\n\t\t\t\t\t<\/div>\n\t\t<\/div>\n\t\t\t\t<div class=\"elementor-column elementor-col-50 elementor-top-column elementor-element elementor-element-d479799\" data-id=\"d479799\" data-element_type=\"column\" data-e-type=\"column\">\n\t\t\t<div class=\"elementor-widget-wrap elementor-element-populated\">\n\t\t\t\t\t\t<div class=\"elementor-element elementor-element-ebd3587 elementor-widget elementor-widget-text-editor\" data-id=\"ebd3587\" data-element_type=\"widget\" data-e-type=\"widget\" data-widget_type=\"text-editor.default\">\n\t\t\t\t<div class=\"elementor-widget-container\">\n\t\t\t\t\t\t\t\t\t<h3>Seite erstellt von:<\/h3>\n<h5>Judith Eder<br>\n4152 Sarleinsbach<br>\n<strong>E-Mail:<\/strong> <a href=\"mailto:eder_j1@bbs-rohrbach.at\" target=\"_blank\" rel=\"noopener\">eder_j1@bbs-rohrbach.at<\/a><\/h5>\n<h5><\/h5>\n&nbsp;<br>\n<h5>Milena Ehrengruber<br>\n4152 Sarleinsbach<br>\n<strong>E-Mail:<\/strong> <a href=\"mailto:ehrengruber_m2@bbs-rohrbach.at\" target=\"_blank\" rel=\"noopener\">ehrengruber_m2@bbs-rohrbach.at<\/a><\/h5>\n<br><br>\nDiese Website wurde im Zuge des Maturaprojekts 2019\/2020, im Auftrag der BBS-Rohrbach erstellt.\n<br>\n<br>\n<em>Berufsbildende Schule Rohrbach\u00a0<\/em>\n<br>\n<em>Akademiestra\u00dfe 12<\/em>\n<br>\n<em>4150 Rohrbach-Berg<\/em>\n<br>\n<br>\n<em><strong>Tel.:<\/strong>\u00a0+43 (0) 7289 86 46<\/em>\n<br>\n<em><strong>Telefax:<\/strong>\u00a0+43 (0) 7289 86 46-919<\/em>\n<br>\n<em><strong>E-Mail:<\/strong>\u00a0<a href=\"mailto:office@bbs-rohrbach.at\" target=\"_blank\" rel=\"noopener\">office@bbs-rohrbach.at<\/a><\/em>\n<br>\n<em><strong>Web:<\/strong>\u00a0<a href=\"http:\/\/www.bbs-rohrbach.at\/\" target=\"_blank\" rel=\"noopener\">www.bbs-rohrbach.at<\/a><\/em>\n<br>\n&nbsp;\n<br><br>\n<strong>Quellen:<\/strong>\n\n<a href=\"https:\/\/wordpress.org\/download\/\">https:\/\/wordpress.org\/download\/<\/a>\t\t\t\t\t\t\t\t<\/div>\n\t\t\t\t<\/div>\n\t\t\t\t\t<\/div>\n\t\t<\/div>\n\t\t\t\t\t<\/div>\n\t\t<\/section>\n\t\t\t\t<section class=\"elementor-section elementor-top-section elementor-element elementor-element-cc5f8f9 elementor-section-boxed elementor-section-height-default elementor-section-height-default\" data-id=\"cc5f8f9\" data-element_type=\"section\" data-e-type=\"section\">\n\t\t\t\t\t\t<div class=\"elementor-container elementor-column-gap-default\">\n\t\t\t\t\t<div class=\"elementor-column elementor-col-100 elementor-top-column elementor-element elementor-element-0f4ea68\" data-id=\"0f4ea68\" data-element_type=\"column\" data-e-type=\"column\">\n\t\t\t<div class=\"elementor-widget-wrap elementor-element-populated\">\n\t\t\t\t\t\t<div class=\"elementor-element elementor-element-f0d6506 elementor-widget elementor-widget-spacer\" data-id=\"f0d6506\" data-element_type=\"widget\" data-e-type=\"widget\" data-widget_type=\"spacer.default\">\n\t\t\t\t<div class=\"elementor-widget-container\">\n\t\t\t\t\t\t\t<div class=\"elementor-spacer\">\n\t\t\t<div class=\"elementor-spacer-inner\"><\/div>\n\t\t<\/div>\n\t\t\t\t\t\t<\/div>\n\t\t\t\t<\/div>\n\t\t\t\t\t<\/div>\n\t\t<\/div>\n\t\t\t\t\t<\/div>\n\t\t<\/section>\n\t\t\t\t<section class=\"elementor-section elementor-top-section elementor-element elementor-element-fc7b7a2 elementor-section-boxed elementor-section-height-default elementor-section-height-default\" data-id=\"fc7b7a2\" data-element_type=\"section\" data-e-type=\"section\">\n\t\t\t\t\t\t<div class=\"elementor-container elementor-column-gap-default\">\n\t\t\t\t\t<div class=\"elementor-column elementor-col-100 elementor-top-column elementor-element elementor-element-d24ed97\" data-id=\"d24ed97\" data-element_type=\"column\" data-e-type=\"column\">\n\t\t\t<div class=\"elementor-widget-wrap elementor-element-populated\">\n\t\t\t\t\t\t<div class=\"elementor-element elementor-element-d410296 elementor-widget elementor-widget-text-editor\" data-id=\"d410296\" data-element_type=\"widget\" data-e-type=\"widget\" data-widget_type=\"text-editor.default\">\n\t\t\t\t<div class=\"elementor-widget-container\">\n\t\t\t\t\t\t\t\t\t<h1 style=\"font-family: 'Antic Slab', Arial, Helvetica, sans-serif; color: #3fa659; font-weight: normal; font-size: 40px; line-height: 50px; letter-spacing: normal;\">Rechtliche Hinweise<\/h1>\n<p style=\"color: #747474; font-family: 'PT Sans', Arial, Helvetica, sans-serif; font-size: 17px;\"><strong>Inhalt des Onlineangebotes<\/strong><br>\nDer Autor \u00fcbernimmt keinerlei Gew\u00e4hr f\u00fcr die Aktualit\u00e4t, Korrektheit, Vollst\u00e4ndigkeit oder Qualit\u00e4t der bereitgestellten Informationen. Haftungsanspr\u00fcche gegen den Autor, welche sich auf Sch\u00e4den materieller oder ideeller Art beziehen, die durch die Nutzung oder Nichtnutzung der dargebotenen Informationen bzw. durch die Nutzung fehlerhafter und unvollst\u00e4ndiger Informationen verursacht wurden sind grunds\u00e4tzlich ausgeschlossen, sofern seitens des Autors kein nachweislich vors\u00e4tzliches oder grob fahrl\u00e4ssiges Verschulden vorliegt. Alle Angebote sind freibleibend und unverbindlich. Der Autor beh\u00e4lt es sich ausdr\u00fccklich vor, Teile der Seiten oder das gesamte Angebot ohne gesonderte Ank\u00fcndigung zu ver\u00e4ndern, zu erg\u00e4nzen, zu l\u00f6schen oder die Ver\u00f6ffentlichung zeitweise oder endg\u00fcltig einzustellen.<\/p>\n<p style=\"color: #747474; font-family: 'PT Sans', Arial, Helvetica, sans-serif; font-size: 17px;\"><strong>Verweise und Links<\/strong><br>\nBei direkten oder indirekten Verweisen auf fremde Internetseiten (\u201eLinks\u201c), die au\u00dferhalb des Verantwortungsbereiches des Autors liegen, w\u00fcrde eine Haftungsverpflichtung ausschlie\u00dflich in dem Fall in Kraft treten, in dem der Autor von den Inhalten Kenntnis hat und es ihm technisch m\u00f6glich und zumutbar w\u00e4re, die Nutzung im Falle rechtswidriger Inhalte zu verhindern.\nDer Autor erkl\u00e4rt daher ausdr\u00fccklich, dass zum Zeitpunkt der Linksetzung die entsprechenden verlinkten Seiten frei von illegalen Inhalten waren. Der Autor hat keinerlei Einfluss auf die aktuelle und zuk\u00fcnftige Gestaltung und auf die Inhalte der gelinkten\/verkn\u00fcpften Seiten. Deshalb distanziert er sich hiermit ausdr\u00fccklich von allen Inhalten aller gelinkten\/verkn\u00fcpften Seiten, die nach der Linksetzung ver\u00e4ndert wurden. Diese Feststellung gilt f\u00fcr alle innerhalb des eigenen Internetangebotes gesetzten Links und Verweise sowie f\u00fcr Fremdeintr\u00e4ge in vom Autor eingerichteten G\u00e4steb\u00fcchern, Diskussionsforen und Mailinglisten. F\u00fcr illegale, fehlerhafte oder unvollst\u00e4ndige Inhalte und insbesondere f\u00fcr Sch\u00e4den, die aus der Nutzung oder Nichtnutzung solcherart dargebotener Informationen entstehen, haftet allein der Anbieter der Seite, auf welche verwiesen wurde, nicht derjenige, der \u00fcber Links auf die jeweilige Ver\u00f6ffentlichung lediglich verweist.<\/p>\n<p style=\"color: #747474; font-family: 'PT Sans', Arial, Helvetica, sans-serif; font-size: 17px;\"><strong>Urheber- und Kennzeichenrecht<\/strong><br>\nDer Autor ist bestrebt, in allen Publikationen die Urheberrechte der verwendeten Grafiken, Tondokumente, Videosequenzen und Texte zu beachten, von ihm selbst erstellte Grafiken, Tondokumente, Videosequenzen und Texte zu nutzen oder auf lizenzfreie Grafiken, Tondokumente, Videosequenzen und Texte zur\u00fcckzugreifen.\nAlle innerhalb des Internetangebotes genannten und ggf. durch Dritte gesch\u00fctzten Marken- und Warenzeichen unterliegen uneingeschr\u00e4nkt den Bestimmungen des jeweils g\u00fcltigen Kennzeichenrechts und den Besitzrechten der jeweiligen eingetragenen Eigent\u00fcmer. Allein aufgrund der blo\u00dfen Nennung ist nicht der Schlu\u00df zu ziehen, dass Markenzeichen nicht durch Rechte Dritter gesch\u00fctzt sind!\nDas Copyright f\u00fcr ver\u00f6ffentlichte, vom Autor selbst erstellte Objekte bleibt allein beim Autor der Seiten. Eine Vervielf\u00e4ltigung oder Verwendung solcher Grafiken, Tondokumente, Videosequenzen und Texte in anderen elektronischen oder gedruckten Publikationen ist ohne ausdr\u00fcckliche Zustimmung des Autors nicht gestattet.<\/p>\n<p style=\"color: #747474; font-family: 'PT Sans', Arial, Helvetica, sans-serif; font-size: 17px;\"><strong>Rechtswirksamkeit dieses Haftungsausschlusses<\/strong><br>\nDieser Haftungsausschluss ist als Teil des Internetangebotes zu betrachten, von dem aus auf diese Seite verwiesen wurde. Sofern Teile oder einzelne Formulierungen dieses Textes der geltenden Rechtslage nicht, nicht mehr oder nicht vollst\u00e4ndig entsprechen sollten, bleiben die \u00fcbrigen Teile des Dokumentes in ihrem Inhalt und ihrer G\u00fcltigkeit davon unber\u00fchrt.<\/p>\n<p style=\"color: #747474; font-family: 'PT Sans', Arial, Helvetica, sans-serif; font-size: 17px;\"><strong>Kurzfassung Haftungsausschluss<\/strong><br>\nDer Autor hat auf den Seiten \u201eLinks\u201c zu anderen Seiten im Internet gelegt. Daher distanziert sich der Autor ausdr\u00fccklich von Inhalt und Gestaltung aller verlinkten Seiten dieser Web-Site einschlie\u00dflich aller Unterseiten. Alle im Angebot aufgef\u00fchrten Seiten werden als Information zur Verf\u00fcgung gestellt. Der verantwortliche Autor \u00fcbernimmt daher keinerlei Haftung f\u00fcr die Inhalte fremder Seiten, sondern distanziert sich grunds\u00e4tzlich vom Inhalt der aufgef\u00fchrten Quellen.<\/p>\n<br><br>\n<h1 style=\"font-family: 'Antic Slab', Arial, Helvetica, sans-serif; color: #3fa659; font-weight: normal; font-size: 40px; line-height: 50px; letter-spacing: normal;\">Erkl\u00e4rung zur Informationspflicht (Datenschutz)<\/h1>\nDer Schutz Ihrer pers\u00f6nlichen Daten ist uns ein besonderes Anliegen. Wir verarbeiten Ihre Daten daher ausschlie\u00dflich auf Grundlage der gesetzlichen Bestimmungen (DSGVO, TKG 2003). In diesen Datenschutzinformationen informieren wir Sie \u00fcber die wichtigsten Aspekte der Datenverarbeitung im Rahmen unserer Website.\n<br><br>\n<strong>Kontakt mit uns<\/strong><br>\nWenn Sie per Formular auf der Website oder per E-Mail Kontakt mit uns aufnehmen, werden Ihre angegebenen Daten zwecks Bearbeitung der Anfrage und f\u00fcr den Fall von Anschlussfragen sechs Monate bei uns gespeichert. Diese Daten geben wir nicht ohne Ihre Einwilligung weiter.\n<br><br>\n<strong>Datenspeicherung<\/strong><br>\nWir weisen darauf hin, dass zum Zweck des einfacheren Einkaufsvorganges und zur sp\u00e4teren Vertragsabwicklung vom Webshop-Betreiber im Rahmen von Cookies die IP-Daten des Anschlussinhabers gespeichert werden, ebenso wie Name, Anschrift und Kreditkartennummer des K\u00e4ufers.\nDie von Ihnen bereit gestellten Daten sind zur Vertragserf\u00fcllung bzw. zur Durchf\u00fchrung vorvertraglicher Ma\u00dfnahmen erforderlich. Ohne diese Daten k\u00f6nnen wir den Vertrag mit Ihnen nicht abschlie\u00dfen. Eine Daten\u00fcbermittlung an Dritte erfolgt nicht, mit Ausnahme der \u00dcbermittlung der Kreditkartendaten an die abwickelnden Bankinstitute\/Zahlungsdienstleister zum Zwecke der Abbuchung des Einkaufspreises, an das von uns beauftragte Transportunternehmen \/ Versandunternehmen zur Zustellung der Ware sowie an unseren Steuerberater zur Erf\u00fcllung unserer steuerrechtlichen Verpflichtungen.\nNach Abbruch des Einkaufsvorganges werden die bei uns gespeicherten Daten gel\u00f6scht. Im Falle eines Vertragsabschlusses werden s\u00e4mtliche Daten aus dem Vertragsverh\u00e4ltnis bis zum Ablauf der steuerrechtlichen Aufbewahrungsfrist (7 Jahre) gespeichert.\nDie Daten Name, Anschrift, gekaufte Waren und Kaufdatum werden dar\u00fcber hinaus gehend bis zum Ablauf der Produkthaftung (10 Jahre) gespeichert. Die Datenverarbeitung erfolgt auf Basis der gesetzlichen Bestimmungen des \u00a7 96 Abs 3 TKG sowie des Art 6 Abs 1 lit a (Einwilligung) und\/oder lit b (notwendig zur Vertragserf\u00fcllung) der DSGVO.\n<br><br>\n<strong>Cookies<\/strong><br>\nUnsere Website verwendet so genannte Cookies. Dabei handelt es sich um kleine Textdateien, die mit Hilfe des Browsers auf Ihrem Endger\u00e4t abgelegt werden. Sie richten keinen Schaden an.\nWir nutzen Cookies dazu, unser Angebot nutzerfreundlich zu gestalten. Einige Cookies bleiben auf Ihrem Endger\u00e4t gespeichert, bis Sie diese l\u00f6schen. Sie erm\u00f6glichen es uns, Ihren Browser beim n\u00e4chsten Besuch wiederzuerkennen. Wenn Sie dies nicht w\u00fcnschen, so k\u00f6nnen Sie Ihren Browser so einrichten, dass er Sie \u00fcber das Setzen von Cookies informiert und Sie dies nur im Einzelfall erlauben. Bei der Deaktivierung von Cookies kann die Funktionalit\u00e4t unserer Website eingeschr\u00e4nkt sein.\n\nDiese Cookies werden z.B verwendet f\u00fcr: Google Analytics, einen Webanalysedienst der Google Inc. Google Analytics verwendet sog. \u201cCookies\u201d, Textdateien, die auf Ihrem Computer gespeichert werden und die eine Analyse der Benutzung der Website durch Sie erm\u00f6glichen. Die durch den Cookie erzeugten Informationen \u00fcber Ihre Benutzung dieser Website (einschlie\u00dflich Ihrer IP-Adresse) werden an einen Server von Google in den USA \u00fcbertragen und dort gespeichert. Google wird diese Informationen benutzen, um Ihre Nutzung der Website auszuwerten, um Reports \u00fcber die Websiteaktivit\u00e4ten f\u00fcr die Websitebetreiber zusammenzustellen und um weitere mit der Websitenutzung und der Internetnutzung verbundene Dienstleistungen zu erbringen. Auch wird Google diese Informationen gegebenenfalls an Dritte \u00fcbertragen, sofern dies gesetzlich vorgeschrieben oder soweit Dritte diese Daten im Auftrag von Google verarbeiten. Google wird in keinem Fall Ihre IP-Adresse mit anderen Daten von Google in Verbindung bringen. Sie k\u00f6nnen die Installation der Cookies durch eine entsprechende Einstellung Ihrer Browser Software verhindern; wir weisen Sie jedoch darauf hin, dass Sie in diesem Fall gegebenenfalls nicht s\u00e4mtliche Funktionen dieser Website vollumf\u00e4nglich nutzen k\u00f6nnen. Durch die Nutzung dieser Website erkl\u00e4ren Sie sich\n<br><br>\n<strong>Web-Analyse<\/strong><br>\nUnsere Website verwendet Funktionen des Webanalysedienstes Google Analytics. Dazu werden Cookies verwendet, die eine Analyse der Benutzung der Website durch Ihre Benutzer erm\u00f6glicht. Die dadurch erzeugten Informationen werden auf den Server des Anbieters \u00fcbertragen und dort gespeichert. Sie k\u00f6nnen dies verhindern, indem Sie Ihren Browser so einrichten, dass keine Cookies gespeichert werden. Die Beziehung zum Webanalyseanbieter basiert auf dem Privacy Shield der USA.\nDie Datenverarbeitung erfolgt auf Basis der gesetzlichen Bestimmungen des \u00a7 96 Abs 3 TKG sowie des Art 6 Abs 1 lit a (Einwilligung) und\/oder (berechtigtes Interesse) der DSGVO.\n<br><br>\n<strong>Newsletter<\/strong><br>\nSie haben die M\u00f6glichkeit, \u00fcber unsere Website unseren Newsletter zu abonnieren. Hierf\u00fcr ben\u00f6tigen wir Ihre E-Mail-Adresse und ihre Erkl\u00e4rung, dass Sie mit dem Bezug des Newsletters einverstanden sind. Sobald Sie sich f\u00fcr den Newsletter angemeldet haben, senden wir Ihnen ein Best\u00e4tigungs-E-Mail mit einem Link zur Best\u00e4tigung der Anmeldung.\nDas Abo des Newsletters k\u00f6nnen Sie jederzeit stornieren. Senden Sie Ihre Stornierung bitte an folgende E-Mail-Adresse: post@stellaris-webdesign.at. Wir l\u00f6schen anschlie\u00dfend umgehend Ihre Daten im Zusammenhang mit dem Newsletter-Versand.\n<br><br>\n<strong>Ihre Rechte<\/strong><br>\nIhnen stehen grunds\u00e4tzlich die Rechte auf Auskunft, Berichtigung, L\u00f6schung, Einschr\u00e4nkung, Daten\u00fcbertragbarkeit, Widerruf und Widerspruch zu. Wenn Sie glauben, dass die Verarbeitung Ihrer Daten gegen das Datenschutzrecht verst\u00f6\u00dft oder Ihre Datenschutzrechtlichen Anspr\u00fcche sonst in einer Weise verletzt worden sind, k\u00f6nnen Sie sich bei der Aufsichtsbeh\u00f6rde beschweren. In \u00d6sterreich ist dies die Datenschutzbeh\u00f6rde.<br><br>\nSie erreichen uns unter folgenden Kontaktdaten: Stefan Stadlbauer 0043 7289 210 21\t\t\t\t\t\t\t\t<\/div>\n\t\t\t\t<\/div>\n\t\t\t\t\t<\/div>\n\t\t<\/div>\n\t\t\t\t\t<\/div>\n\t\t<\/section>\n\t\t\t\t<\/div>\n\t\t","protected":false},"excerpt":{"rendered":"<p>Biohof Stadlbauer: Stefan Stadlbauer M\u00e4rzing 7 4150 Rohrbach-Berg Kontakt: Tel.: +43 (0) 7289\/21021 E-Mail: admin@biohof-stadlbauer.at Weiterf\u00fchrende Links: Kontaktformular WordPress Seite erstellt von: Judith Eder 4152 Sarleinsbach E-Mail: eder_j1@bbs-rohrbach.at &nbsp; Milena Ehrengruber 4152 Sarleinsbach E-Mail: ehrengruber_m2@bbs-rohrbach.at Diese Website wurde im Zuge des Maturaprojekts 2019\/2020, im Auftrag der BBS-Rohrbach erstellt. Berufsbildende Schule Rohrbach\u00a0 Akademiestra\u00dfe 12 4150 Rohrbach-Berg&hellip;&nbsp;<a href=\"https:\/\/www.biohof-stadlbauer.at\/www\/impressum\/\" class=\"\" rel=\"bookmark\">Weiterlesen &raquo;<span class=\"screen-reader-text\">Impressum<\/span><\/a><\/p>\n","protected":false},"author":1,"featured_media":0,"parent":0,"menu_order":0,"comment_status":"closed","ping_status":"closed","template":"","meta":{"neve_meta_sidebar":"full-width","neve_meta_container":"","neve_meta_enable_content_width":"on","neve_meta_content_width":100,"neve_meta_title_alignment":"","neve_meta_author_avatar":"","neve_post_elements_order":"","neve_meta_disable_header":"","neve_meta_disable_footer":"","neve_meta_disable_title":"","footnotes":""},"class_list":["post-1022","page","type-page","status-publish","hentry"],"_links":{"self":[{"href":"https:\/\/www.biohof-stadlbauer.at\/www\/wp-json\/wp\/v2\/pages\/1022","targetHints":{"allow":["GET"]}}],"collection":[{"href":"https:\/\/www.biohof-stadlbauer.at\/www\/wp-json\/wp\/v2\/pages"}],"about":[{"href":"https:\/\/www.biohof-stadlbauer.at\/www\/wp-json\/wp\/v2\/types\/page"}],"author":[{"embeddable":true,"href":"https:\/\/www.biohof-stadlbauer.at\/www\/wp-json\/wp\/v2\/users\/1"}],"replies":[{"embeddable":true,"href":"https:\/\/www.biohof-stadlbauer.at\/www\/wp-json\/wp\/v2\/comments?post=1022"}],"version-history":[{"count":23,"href":"https:\/\/www.biohof-stadlbauer.at\/www\/wp-json\/wp\/v2\/pages\/1022\/revisions"}],"predecessor-version":[{"id":1487,"href":"https:\/\/www.biohof-stadlbauer.at\/www\/wp-json\/wp\/v2\/pages\/1022\/revisions\/1487"}],"wp:attachment":[{"href":"https:\/\/www.biohof-stadlbauer.at\/www\/wp-json\/wp\/v2\/media?parent=1022"}],"curies":[{"name":"wp","href":"https:\/\/api.w.org\/{rel}","templated":true}]}}